{"id":46,"date":"2019-08-09T13:42:31","date_gmt":"2019-08-09T11:42:31","guid":{"rendered":"https:\/\/www.delfinseele.de\/?page_id=46"},"modified":"2026-01-25T14:57:35","modified_gmt":"2026-01-25T13:57:35","slug":"kontakt","status":"publish","type":"page","link":"https:\/\/delfinseele.de\/index.php\/kontakt\/","title":{"rendered":"Kontakt"},"content":{"rendered":"<p><div class=\"fusion-fullwidth fullwidth-box fusion-builder-row-1 nonhundred-percent-fullwidth non-hundred-percent-height-scrolling fusion-equal-height-columns\" style=\"--awb-border-radius-top-left:0px;--awb-border-radius-top-right:0px;--awb-border-radius-bottom-right:0px;--awb-border-radius-bottom-left:0px;--awb-flex-wrap:wrap;\" ><div class=\"fusion-builder-row fusion-row\"><div class=\"fusion-layout-column fusion_builder_column fusion-builder-column-0 fusion_builder_column_1_1 1_1 fusion-one-full fusion-column-first fusion-column-last\" style=\"--awb-bg-blend:overlay;--awb-bg-size:cover;\"><div class=\"fusion-column-wrapper fusion-column-has-shadow fusion-flex-column-wrapper-legacy\"><div class=\"fusion-column-content-centered\"><div class=\"fusion-column-content\"><div class=\"fusion-title title fusion-title-1 fusion-sep-none fusion-title-center fusion-title-text fusion-title-size-one\" style=\"--awb-margin-bottom:0px;--awb-margin-bottom-small:0px;\"><h1 class=\"fusion-title-heading title-heading-center fusion-responsive-typography-calculated\" style=\"margin:0;--fontSize:32;line-height:1.4;\">Kontakt<\/h1><\/div><div class=\"fusion-image-element fusion-image-align-center in-legacy-container\" style=\"text-align:center;--awb-max-width:150px;--awb-caption-title-font-family:var(--h2_typography-font-family);--awb-caption-title-font-weight:var(--h2_typography-font-weight);--awb-caption-title-font-style:var(--h2_typography-font-style);--awb-caption-title-size:var(--h2_typography-font-size);--awb-caption-title-transform:var(--h2_typography-text-transform);--awb-caption-title-line-height:var(--h2_typography-line-height);--awb-caption-title-letter-spacing:var(--h2_typography-letter-spacing);\"><div class=\"imageframe-align-center\"><span class=\" fusion-imageframe imageframe-none imageframe-1 hover-type-none\"><img decoding=\"async\" width=\"400\" height=\"132\" title=\"petra-topfstaedt-ornamente\" src=\"https:\/\/delfinseele.de\/wp-content\/uploads\/2019\/11\/petra-topfstaedt-ornamente-400x132.png\" alt class=\"img-responsive wp-image-480\" srcset=\"https:\/\/delfinseele.de\/wp-content\/uploads\/2019\/11\/petra-topfstaedt-ornamente-200x66.png 200w, https:\/\/delfinseele.de\/wp-content\/uploads\/2019\/11\/petra-topfstaedt-ornamente-400x132.png 400w, https:\/\/delfinseele.de\/wp-content\/uploads\/2019\/11\/petra-topfstaedt-ornamente-600x198.png 600w, https:\/\/delfinseele.de\/wp-content\/uploads\/2019\/11\/petra-topfstaedt-ornamente-800x264.png 800w, https:\/\/delfinseele.de\/wp-content\/uploads\/2019\/11\/petra-topfstaedt-ornamente.png 1000w\" sizes=\"(max-width: 800px) 100vw, 400px\" \/><\/span><\/div><\/div><div class=\"fusion-sep-clear\"><\/div><div class=\"fusion-separator fusion-no-small-visibility fusion-full-width-sep\" style=\"margin-left: auto;margin-right: auto;margin-top:40px;width:100%;\"><\/div><div class=\"fusion-sep-clear\"><\/div><div class=\"fusion-sep-clear\"><\/div><div class=\"fusion-separator fusion-no-medium-visibility fusion-no-large-visibility fusion-full-width-sep\" style=\"margin-left: auto;margin-right: auto;margin-top:20px;width:100%;\"><\/div><div class=\"fusion-sep-clear\"><\/div><\/div><\/div><div class=\"fusion-clearfix\"><\/div><\/div><\/div><\/div><\/div><div class=\"fusion-fullwidth fullwidth-box fusion-builder-row-2 nonhundred-percent-fullwidth non-hundred-percent-height-scrolling\" style=\"--awb-border-radius-top-left:0px;--awb-border-radius-top-right:0px;--awb-border-radius-bottom-right:0px;--awb-border-radius-bottom-left:0px;--awb-flex-wrap:wrap;\" ><div class=\"fusion-builder-row fusion-row\"><div class=\"fusion-layout-column fusion_builder_column fusion-builder-column-1 fusion_builder_column_1_1 1_1 fusion-one-full fusion-column-first fusion-column-last\" style=\"--awb-bg-blend:overlay;--awb-bg-size:cover;\"><div class=\"fusion-column-wrapper fusion-column-has-shadow fusion-flex-column-wrapper-legacy\"><div class=\"fusion-image-element fusion-image-align-center in-legacy-container\" style=\"text-align:center;--awb-max-width:50px;--awb-caption-title-font-family:var(--h2_typography-font-family);--awb-caption-title-font-weight:var(--h2_typography-font-weight);--awb-caption-title-font-style:var(--h2_typography-font-style);--awb-caption-title-size:var(--h2_typography-font-size);--awb-caption-title-transform:var(--h2_typography-text-transform);--awb-caption-title-line-height:var(--h2_typography-line-height);--awb-caption-title-letter-spacing:var(--h2_typography-letter-spacing);\"><div class=\"imageframe-align-center\"><span class=\" fusion-imageframe imageframe-none imageframe-2 hover-type-none\"><img decoding=\"async\" width=\"164\" height=\"164\" title=\"delfinseele-petra-topfstaedt-blume\" src=\"https:\/\/delfinseele.de\/wp-content\/uploads\/2019\/10\/delfinseele-petra-topfstaedt-blume.png\" alt class=\"img-responsive wp-image-308\" srcset=\"https:\/\/delfinseele.de\/wp-content\/uploads\/2019\/10\/delfinseele-petra-topfstaedt-blume-66x66.png 66w, https:\/\/delfinseele.de\/wp-content\/uploads\/2019\/10\/delfinseele-petra-topfstaedt-blume-150x150.png 150w, https:\/\/delfinseele.de\/wp-content\/uploads\/2019\/10\/delfinseele-petra-topfstaedt-blume.png 164w\" sizes=\"(max-width: 164px) 100vw, 164px\" \/><\/span><\/div><\/div><div class=\"fusion-sep-clear\"><\/div><div class=\"fusion-separator fusion-no-small-visibility fusion-full-width-sep\" style=\"margin-left: auto;margin-right: auto;margin-top:40px;width:100%;\"><\/div><div class=\"fusion-sep-clear\"><\/div><div class=\"fusion-sep-clear\"><\/div><div class=\"fusion-separator fusion-no-medium-visibility fusion-no-large-visibility fusion-full-width-sep\" style=\"margin-left: auto;margin-right: auto;margin-top:0px;width:100%;\"><\/div><div class=\"fusion-sep-clear\"><\/div><div class=\"fusion-clearfix\"><\/div><\/div><\/div><\/div><\/div><div class=\"fusion-fullwidth fullwidth-box fusion-builder-row-3 nonhundred-percent-fullwidth non-hundred-percent-height-scrolling\" style=\"--awb-border-radius-top-left:0px;--awb-border-radius-top-right:0px;--awb-border-radius-bottom-right:0px;--awb-border-radius-bottom-left:0px;--awb-flex-wrap:wrap;\" ><div class=\"fusion-builder-row fusion-row\"><div class=\"fusion-layout-column fusion_builder_column fusion-builder-column-2 fusion_builder_column_1_3 1_3 fusion-one-third fusion-column-first\" style=\"--awb-bg-blend:overlay;--awb-bg-size:cover;width:33.333333333333%;width:calc(33.333333333333% - ( ( 4% + 4% ) * 0.33333333333333 ) );margin-right: 4%;\"><div class=\"fusion-column-wrapper fusion-column-has-shadow fusion-flex-column-wrapper-legacy\"><div class=\"fusion-image-element in-legacy-container\" style=\"--awb-caption-title-font-family:var(--h2_typography-font-family);--awb-caption-title-font-weight:var(--h2_typography-font-weight);--awb-caption-title-font-style:var(--h2_typography-font-style);--awb-caption-title-size:var(--h2_typography-font-size);--awb-caption-title-transform:var(--h2_typography-text-transform);--awb-caption-title-line-height:var(--h2_typography-line-height);--awb-caption-title-letter-spacing:var(--h2_typography-letter-spacing);\"><span class=\" fusion-imageframe imageframe-none imageframe-3 hover-type-none\"><img decoding=\"async\" width=\"4056\" height=\"2387\" title=\"Raum Bild Neu 1\" src=\"https:\/\/delfinseele.de\/wp-content\/uploads\/2024\/02\/Raum-Bild-Neu-1.png\" alt class=\"img-responsive wp-image-823\" srcset=\"https:\/\/delfinseele.de\/wp-content\/uploads\/2024\/02\/Raum-Bild-Neu-1-200x118.png 200w, https:\/\/delfinseele.de\/wp-content\/uploads\/2024\/02\/Raum-Bild-Neu-1-400x235.png 400w, https:\/\/delfinseele.de\/wp-content\/uploads\/2024\/02\/Raum-Bild-Neu-1-600x353.png 600w, https:\/\/delfinseele.de\/wp-content\/uploads\/2024\/02\/Raum-Bild-Neu-1-800x471.png 800w, https:\/\/delfinseele.de\/wp-content\/uploads\/2024\/02\/Raum-Bild-Neu-1-1200x706.png 1200w, https:\/\/delfinseele.de\/wp-content\/uploads\/2024\/02\/Raum-Bild-Neu-1.png 4056w\" sizes=\"(max-width: 800px) 100vw, 400px\" \/><\/span><\/div><div class=\"fusion-clearfix\"><\/div><\/div><\/div><div class=\"fusion-layout-column fusion_builder_column fusion-builder-column-3 fusion_builder_column_1_3 1_3 fusion-one-third\" style=\"--awb-bg-blend:overlay;--awb-bg-size:cover;width:33.333333333333%;width:calc(33.333333333333% - ( ( 4% + 4% ) * 0.33333333333333 ) );margin-right: 4%;\"><div class=\"fusion-column-wrapper fusion-column-has-shadow fusion-flex-column-wrapper-legacy\"><div class=\"fusion-title title fusion-title-2 fusion-sep-none fusion-title-center fusion-title-text fusion-title-size-three\" style=\"--awb-font-size:20px;\"><h3 class=\"fusion-title-heading title-heading-center fusion-responsive-typography-calculated\" style=\"margin:0;font-size:1em;--fontSize:20;--minFontSize:20;line-height:1.5;\">Petra Topfst\u00e4dt<\/h3><\/div><div class=\"fusion-text fusion-text-1 kontakt\"><p style=\"text-align: center;\">Energetische<br \/>\nK\u00f6rper- und Seelenarbeit<br \/>\nJagdfeldring 70<br \/>\n85540 Haar<br \/>\nMobil: 0170 \/ 317 27 15<br \/>\n(auch Whatsapp)<\/p>\n<\/div><div class=\"fusion-sep-clear\"><\/div><div class=\"fusion-separator fusion-full-width-sep\" style=\"margin-left: auto;margin-right: auto;margin-top:2px;width:100%;\"><\/div><div class=\"fusion-sep-clear\"><\/div><div class=\"fusion-image-element fusion-image-align-center in-legacy-container\" style=\"text-align:center;--awb-max-width:203px;--awb-caption-title-font-family:var(--h2_typography-font-family);--awb-caption-title-font-weight:var(--h2_typography-font-weight);--awb-caption-title-font-style:var(--h2_typography-font-style);--awb-caption-title-size:var(--h2_typography-font-size);--awb-caption-title-transform:var(--h2_typography-text-transform);--awb-caption-title-line-height:var(--h2_typography-line-height);--awb-caption-title-letter-spacing:var(--h2_typography-letter-spacing);\"><div class=\"imageframe-align-center\"><span class=\" fusion-imageframe imageframe-none imageframe-4 hover-type-none\"><img decoding=\"async\" width=\"203\" height=\"17\" title=\"kontakt-petra-topfstaedt\" src=\"https:\/\/delfinseele.de\/wp-content\/uploads\/2019\/12\/kontakt-petra-topfstaedt.png\" alt class=\"img-responsive wp-image-661\" srcset=\"https:\/\/delfinseele.de\/wp-content\/uploads\/2019\/12\/kontakt-petra-topfstaedt-200x17.png 200w, https:\/\/delfinseele.de\/wp-content\/uploads\/2019\/12\/kontakt-petra-topfstaedt.png 203w\" sizes=\"(max-width: 800px) 100vw, 203px\" \/><\/span><\/div><\/div><div class=\"fusion-clearfix\"><\/div><\/div><\/div><div class=\"fusion-layout-column fusion_builder_column fusion-builder-column-4 fusion_builder_column_1_3 1_3 fusion-one-third fusion-column-last\" style=\"--awb-bg-blend:overlay;--awb-bg-size:cover;width:33.333333333333%;width:calc(33.333333333333% - ( ( 4% + 4% ) * 0.33333333333333 ) );\"><div class=\"fusion-column-wrapper fusion-column-has-shadow fusion-flex-column-wrapper-legacy\"><div class=\"fusion-image-element in-legacy-container\" style=\"--awb-caption-title-font-family:var(--h2_typography-font-family);--awb-caption-title-font-weight:var(--h2_typography-font-weight);--awb-caption-title-font-style:var(--h2_typography-font-style);--awb-caption-title-size:var(--h2_typography-font-size);--awb-caption-title-transform:var(--h2_typography-text-transform);--awb-caption-title-line-height:var(--h2_typography-line-height);--awb-caption-title-letter-spacing:var(--h2_typography-letter-spacing);\"><span class=\" fusion-imageframe imageframe-none imageframe-5 hover-type-none\"><img decoding=\"async\" width=\"3656\" height=\"2388\" title=\"Raum Bild Neu 2\" src=\"https:\/\/delfinseele.de\/wp-content\/uploads\/2024\/02\/Raum-Bild-Neu-2.png\" alt class=\"img-responsive wp-image-824\" srcset=\"https:\/\/delfinseele.de\/wp-content\/uploads\/2024\/02\/Raum-Bild-Neu-2-200x131.png 200w, https:\/\/delfinseele.de\/wp-content\/uploads\/2024\/02\/Raum-Bild-Neu-2-400x261.png 400w, https:\/\/delfinseele.de\/wp-content\/uploads\/2024\/02\/Raum-Bild-Neu-2-600x392.png 600w, https:\/\/delfinseele.de\/wp-content\/uploads\/2024\/02\/Raum-Bild-Neu-2-800x523.png 800w, https:\/\/delfinseele.de\/wp-content\/uploads\/2024\/02\/Raum-Bild-Neu-2-1200x784.png 1200w, https:\/\/delfinseele.de\/wp-content\/uploads\/2024\/02\/Raum-Bild-Neu-2.png 3656w\" sizes=\"(max-width: 800px) 100vw, 400px\" \/><\/span><\/div><div class=\"fusion-clearfix\"><\/div><\/div><\/div><\/div><\/div><div class=\"fusion-fullwidth fullwidth-box fusion-builder-row-4 nonhundred-percent-fullwidth non-hundred-percent-height-scrolling\" style=\"--awb-border-radius-top-left:0px;--awb-border-radius-top-right:0px;--awb-border-radius-bottom-right:0px;--awb-border-radius-bottom-left:0px;--awb-flex-wrap:wrap;\" ><div class=\"fusion-builder-row fusion-row\"><div class=\"fusion-layout-column fusion_builder_column fusion-builder-column-5 fusion_builder_column_1_1 1_1 fusion-one-full fusion-column-first fusion-column-last\" style=\"--awb-bg-blend:overlay;--awb-bg-size:cover;\"><div class=\"fusion-column-wrapper fusion-column-has-shadow fusion-flex-column-wrapper-legacy\"><div class=\"fusion-image-element fusion-image-align-center in-legacy-container\" style=\"text-align:center;--awb-max-width:100px;--awb-caption-title-font-family:var(--h2_typography-font-family);--awb-caption-title-font-weight:var(--h2_typography-font-weight);--awb-caption-title-font-style:var(--h2_typography-font-style);--awb-caption-title-size:var(--h2_typography-font-size);--awb-caption-title-transform:var(--h2_typography-text-transform);--awb-caption-title-line-height:var(--h2_typography-line-height);--awb-caption-title-letter-spacing:var(--h2_typography-letter-spacing);\"><div class=\"imageframe-align-center\"><span class=\" fusion-imageframe imageframe-none imageframe-6 hover-type-none\"><img decoding=\"async\" width=\"150\" height=\"150\" title=\"petra-topfstaedt-delfinseele-logo-150\" src=\"https:\/\/delfinseele.de\/wp-content\/uploads\/2019\/07\/petra-topfstaedt-delfinseele-logo-150.png\" alt class=\"img-responsive wp-image-12\" srcset=\"https:\/\/delfinseele.de\/wp-content\/uploads\/2019\/07\/petra-topfstaedt-delfinseele-logo-150-66x66.png 66w, https:\/\/delfinseele.de\/wp-content\/uploads\/2019\/07\/petra-topfstaedt-delfinseele-logo-150.png 150w\" sizes=\"(max-width: 150px) 100vw, 150px\" \/><\/span><\/div><\/div><div class=\"fusion-sep-clear\"><\/div><div class=\"fusion-separator fusion-full-width-sep\" style=\"margin-left: auto;margin-right: auto;margin-top:30px;width:100%;\"><\/div><div class=\"fusion-sep-clear\"><\/div><div class=\"fusion-text fusion-text-2\"><p style=\"text-align: center;\">Ich freue mich, Sie hier willkommen zu hei\u00dfen!<br \/>\nF\u00fcr Termine bitte ich Sie um vorherige telefonische<br \/>\noder schriftliche Vereinbarung.<br \/>\nGerne k\u00f6nnen Sie mich f\u00fcr n\u00e4here Informationen auch<br \/>\neinfach unverbindlich anrufen.<br \/>\nIch freue mich auf Sie!<\/p>\n<\/div><div class=\"fusion-clearfix\"><\/div><\/div><\/div><\/div><\/div><\/p>\n","protected":false},"excerpt":{"rendered":"","protected":false},"author":1,"featured_media":0,"parent":0,"menu_order":0,"comment_status":"closed","ping_status":"closed","template":"","meta":{"footnotes":""},"class_list":["post-46","page","type-page","status-publish","hentry"],"yoast_head":"<!-- This site is optimized with the Yoast SEO plugin v27.4 - https:\/\/yoast.com\/product\/yoast-seo-wordpress\/ -->\n<title>Kontakt - Delfinseele - Petra Topfst\u00e4dt<\/title>\n<meta name=\"description\" content=\"Echte Heilung beginnt in der Seele. Reiki, Innere Seelenarbeit, R.E.S.E.T. Kieferentspannung und Wirbels\u00e4ulenaufrichtung. Jetzt Termin vereinbaren.\" \/>\n<meta name=\"robots\" content=\"index, follow, max-snippet:-1, max-image-preview:large, max-video-preview:-1\" \/>\n<link rel=\"canonical\" href=\"https:\/\/delfinseele.de\/index.php\/kontakt\/\" \/>\n<meta property=\"og:locale\" content=\"de_DE\" \/>\n<meta property=\"og:type\" content=\"article\" \/>\n<meta property=\"og:title\" content=\"Kontakt - Delfinseele - Petra Topfst\u00e4dt\" \/>\n<meta property=\"og:description\" content=\"Echte Heilung beginnt in der Seele. Reiki, Innere Seelenarbeit, R.E.S.E.T. Kieferentspannung und Wirbels\u00e4ulenaufrichtung. Jetzt Termin vereinbaren.\" \/>\n<meta property=\"og:url\" content=\"https:\/\/delfinseele.de\/index.php\/kontakt\/\" \/>\n<meta property=\"og:site_name\" content=\"Delfinseele - Petra Topfst\u00e4dt\" \/>\n<meta property=\"article:modified_time\" content=\"2026-01-25T13:57:35+00:00\" \/>\n<meta name=\"twitter:card\" content=\"summary_large_image\" \/>\n<meta name=\"twitter:label1\" content=\"Gesch\u00e4tzte Lesezeit\" \/>\n\t<meta name=\"twitter:data1\" content=\"2\u00a0Minuten\" \/>\n<script type=\"application\/ld+json\" class=\"yoast-schema-graph\">{\"@context\":\"https:\\\/\\\/schema.org\",\"@graph\":[{\"@type\":\"WebPage\",\"@id\":\"https:\\\/\\\/delfinseele.de\\\/index.php\\\/kontakt\\\/\",\"url\":\"https:\\\/\\\/delfinseele.de\\\/index.php\\\/kontakt\\\/\",\"name\":\"Kontakt - Delfinseele - Petra Topfst\u00e4dt\",\"isPartOf\":{\"@id\":\"https:\\\/\\\/delfinseele.de\\\/#website\"},\"datePublished\":\"2019-08-09T11:42:31+00:00\",\"dateModified\":\"2026-01-25T13:57:35+00:00\",\"description\":\"Echte Heilung beginnt in der Seele. Reiki, Innere Seelenarbeit, R.E.S.E.T. Kieferentspannung und Wirbels\u00e4ulenaufrichtung. Jetzt Termin vereinbaren.\",\"breadcrumb\":{\"@id\":\"https:\\\/\\\/delfinseele.de\\\/index.php\\\/kontakt\\\/#breadcrumb\"},\"inLanguage\":\"de\",\"potentialAction\":[{\"@type\":\"ReadAction\",\"target\":[\"https:\\\/\\\/delfinseele.de\\\/index.php\\\/kontakt\\\/\"]}]},{\"@type\":\"BreadcrumbList\",\"@id\":\"https:\\\/\\\/delfinseele.de\\\/index.php\\\/kontakt\\\/#breadcrumb\",\"itemListElement\":[{\"@type\":\"ListItem\",\"position\":1,\"name\":\"Startseite\",\"item\":\"https:\\\/\\\/delfinseele.de\\\/\"},{\"@type\":\"ListItem\",\"position\":2,\"name\":\"Kontakt\"}]},{\"@type\":\"WebSite\",\"@id\":\"https:\\\/\\\/delfinseele.de\\\/#website\",\"url\":\"https:\\\/\\\/delfinseele.de\\\/\",\"name\":\"Delfinseele - Petra Topfst\u00e4dt\",\"description\":\"Energetische K\u00f6rper- und Seelenarbeit\",\"publisher\":{\"@id\":\"https:\\\/\\\/delfinseele.de\\\/#organization\"},\"potentialAction\":[{\"@type\":\"SearchAction\",\"target\":{\"@type\":\"EntryPoint\",\"urlTemplate\":\"https:\\\/\\\/delfinseele.de\\\/?s={search_term_string}\"},\"query-input\":{\"@type\":\"PropertyValueSpecification\",\"valueRequired\":true,\"valueName\":\"search_term_string\"}}],\"inLanguage\":\"de\"},{\"@type\":\"Organization\",\"@id\":\"https:\\\/\\\/delfinseele.de\\\/#organization\",\"name\":\"Delfinseele - Petra Topfst\u00e4dt\",\"url\":\"https:\\\/\\\/delfinseele.de\\\/\",\"logo\":{\"@type\":\"ImageObject\",\"inLanguage\":\"de\",\"@id\":\"https:\\\/\\\/delfinseele.de\\\/#\\\/schema\\\/logo\\\/image\\\/\",\"url\":\"https:\\\/\\\/delfinseele.de\\\/wp-content\\\/uploads\\\/2019\\\/07\\\/petra-topfstaedt-delfinseele-logo-144.png\",\"contentUrl\":\"https:\\\/\\\/delfinseele.de\\\/wp-content\\\/uploads\\\/2019\\\/07\\\/petra-topfstaedt-delfinseele-logo-144.png\",\"width\":144,\"height\":144,\"caption\":\"Delfinseele - Petra Topfst\u00e4dt\"},\"image\":{\"@id\":\"https:\\\/\\\/delfinseele.de\\\/#\\\/schema\\\/logo\\\/image\\\/\"}}]}<\/script>\n<!-- \/ Yoast SEO plugin. -->","yoast_head_json":{"title":"Kontakt - Delfinseele - Petra Topfst\u00e4dt","description":"Echte Heilung beginnt in der Seele. Reiki, Innere Seelenarbeit, R.E.S.E.T. Kieferentspannung und Wirbels\u00e4ulenaufrichtung. Jetzt Termin vereinbaren.","robots":{"index":"index","follow":"follow","max-snippet":"max-snippet:-1","max-image-preview":"max-image-preview:large","max-video-preview":"max-video-preview:-1"},"canonical":"https:\/\/delfinseele.de\/index.php\/kontakt\/","og_locale":"de_DE","og_type":"article","og_title":"Kontakt - Delfinseele - Petra Topfst\u00e4dt","og_description":"Echte Heilung beginnt in der Seele. Reiki, Innere Seelenarbeit, R.E.S.E.T. Kieferentspannung und Wirbels\u00e4ulenaufrichtung. Jetzt Termin vereinbaren.","og_url":"https:\/\/delfinseele.de\/index.php\/kontakt\/","og_site_name":"Delfinseele - Petra Topfst\u00e4dt","article_modified_time":"2026-01-25T13:57:35+00:00","twitter_card":"summary_large_image","twitter_misc":{"Gesch\u00e4tzte Lesezeit":"2\u00a0Minuten"},"schema":{"@context":"https:\/\/schema.org","@graph":[{"@type":"WebPage","@id":"https:\/\/delfinseele.de\/index.php\/kontakt\/","url":"https:\/\/delfinseele.de\/index.php\/kontakt\/","name":"Kontakt - Delfinseele - Petra Topfst\u00e4dt","isPartOf":{"@id":"https:\/\/delfinseele.de\/#website"},"datePublished":"2019-08-09T11:42:31+00:00","dateModified":"2026-01-25T13:57:35+00:00","description":"Echte Heilung beginnt in der Seele. Reiki, Innere Seelenarbeit, R.E.S.E.T. Kieferentspannung und Wirbels\u00e4ulenaufrichtung. Jetzt Termin vereinbaren.","breadcrumb":{"@id":"https:\/\/delfinseele.de\/index.php\/kontakt\/#breadcrumb"},"inLanguage":"de","potentialAction":[{"@type":"ReadAction","target":["https:\/\/delfinseele.de\/index.php\/kontakt\/"]}]},{"@type":"BreadcrumbList","@id":"https:\/\/delfinseele.de\/index.php\/kontakt\/#breadcrumb","itemListElement":[{"@type":"ListItem","position":1,"name":"Startseite","item":"https:\/\/delfinseele.de\/"},{"@type":"ListItem","position":2,"name":"Kontakt"}]},{"@type":"WebSite","@id":"https:\/\/delfinseele.de\/#website","url":"https:\/\/delfinseele.de\/","name":"Delfinseele - Petra Topfst\u00e4dt","description":"Energetische K\u00f6rper- und Seelenarbeit","publisher":{"@id":"https:\/\/delfinseele.de\/#organization"},"potentialAction":[{"@type":"SearchAction","target":{"@type":"EntryPoint","urlTemplate":"https:\/\/delfinseele.de\/?s={search_term_string}"},"query-input":{"@type":"PropertyValueSpecification","valueRequired":true,"valueName":"search_term_string"}}],"inLanguage":"de"},{"@type":"Organization","@id":"https:\/\/delfinseele.de\/#organization","name":"Delfinseele - Petra Topfst\u00e4dt","url":"https:\/\/delfinseele.de\/","logo":{"@type":"ImageObject","inLanguage":"de","@id":"https:\/\/delfinseele.de\/#\/schema\/logo\/image\/","url":"https:\/\/delfinseele.de\/wp-content\/uploads\/2019\/07\/petra-topfstaedt-delfinseele-logo-144.png","contentUrl":"https:\/\/delfinseele.de\/wp-content\/uploads\/2019\/07\/petra-topfstaedt-delfinseele-logo-144.png","width":144,"height":144,"caption":"Delfinseele - Petra Topfst\u00e4dt"},"image":{"@id":"https:\/\/delfinseele.de\/#\/schema\/logo\/image\/"}}]}},"_links":{"self":[{"href":"https:\/\/delfinseele.de\/index.php\/wp-json\/wp\/v2\/pages\/46","targetHints":{"allow":["GET"]}}],"collection":[{"href":"https:\/\/delfinseele.de\/index.php\/wp-json\/wp\/v2\/pages"}],"about":[{"href":"https:\/\/delfinseele.de\/index.php\/wp-json\/wp\/v2\/types\/page"}],"author":[{"embeddable":true,"href":"https:\/\/delfinseele.de\/index.php\/wp-json\/wp\/v2\/users\/1"}],"replies":[{"embeddable":true,"href":"https:\/\/delfinseele.de\/index.php\/wp-json\/wp\/v2\/comments?post=46"}],"version-history":[{"count":47,"href":"https:\/\/delfinseele.de\/index.php\/wp-json\/wp\/v2\/pages\/46\/revisions"}],"predecessor-version":[{"id":843,"href":"https:\/\/delfinseele.de\/index.php\/wp-json\/wp\/v2\/pages\/46\/revisions\/843"}],"wp:attachment":[{"href":"https:\/\/delfinseele.de\/index.php\/wp-json\/wp\/v2\/media?parent=46"}],"curies":[{"name":"wp","href":"https:\/\/api.w.org\/{rel}","templated":true}]}}