{"id":49,"date":"2019-08-09T13:48:27","date_gmt":"2019-08-09T11:48:27","guid":{"rendered":"https:\/\/www.delfinseele.de\/?page_id=49"},"modified":"2019-12-10T09:12:23","modified_gmt":"2019-12-10T08:12:23","slug":"impressum","status":"publish","type":"page","link":"https:\/\/delfinseele.de\/index.php\/impressum\/","title":{"rendered":"Impressum"},"content":{"rendered":"<div class=\"fusion-fullwidth fullwidth-box fusion-builder-row-1 nonhundred-percent-fullwidth non-hundred-percent-height-scrolling\" style=\"--awb-border-radius-top-left:0px;--awb-border-radius-top-right:0px;--awb-border-radius-bottom-right:0px;--awb-border-radius-bottom-left:0px;--awb-flex-wrap:wrap;\" ><div class=\"fusion-builder-row fusion-row\"><div class=\"fusion-layout-column fusion_builder_column fusion-builder-column-0 fusion_builder_column_1_4 1_4 fusion-one-fourth fusion-column-first\" style=\"--awb-bg-size:cover;width:25%;width:calc(25% - ( ( 4% + 4% ) * 0.25 ) );margin-right: 4%;\"><div class=\"fusion-column-wrapper fusion-column-has-shadow fusion-flex-column-wrapper-legacy\"><div class=\"fusion-clearfix\"><\/div><\/div><\/div><div class=\"fusion-layout-column fusion_builder_column fusion-builder-column-1 fusion_builder_column_1_2 1_2 fusion-one-half\" style=\"--awb-bg-size:cover;width:50%;width:calc(50% - ( ( 4% + 4% ) * 0.5 ) );margin-right: 4%;\"><div class=\"fusion-column-wrapper fusion-column-has-shadow fusion-flex-column-wrapper-legacy\"><div class=\"fusion-title title fusion-title-1 fusion-sep-none fusion-title-center fusion-title-text fusion-title-size-one\" style=\"--awb-margin-bottom:0px;--awb-margin-bottom-small:0px;\"><h1 class=\"fusion-title-heading title-heading-center fusion-responsive-typography-calculated\" style=\"margin:0;--fontSize:32;line-height:1.4;\">Impressum<\/h1><\/div><div class=\"fusion-image-element fusion-image-align-center in-legacy-container\" style=\"text-align:center;--awb-max-width:150px;--awb-caption-title-font-family:var(--h2_typography-font-family);--awb-caption-title-font-weight:var(--h2_typography-font-weight);--awb-caption-title-font-style:var(--h2_typography-font-style);--awb-caption-title-size:var(--h2_typography-font-size);--awb-caption-title-transform:var(--h2_typography-text-transform);--awb-caption-title-line-height:var(--h2_typography-line-height);--awb-caption-title-letter-spacing:var(--h2_typography-letter-spacing);\"><div class=\"imageframe-align-center\"><span class=\" fusion-imageframe imageframe-none imageframe-1 hover-type-none\"><img decoding=\"async\" width=\"600\" height=\"198\" title=\"petra-topfstaedt-ornamente\" src=\"https:\/\/delfinseele.de\/wp-content\/uploads\/2019\/11\/petra-topfstaedt-ornamente-600x198.png\" alt class=\"img-responsive wp-image-480\" srcset=\"https:\/\/delfinseele.de\/wp-content\/uploads\/2019\/11\/petra-topfstaedt-ornamente-200x66.png 200w, https:\/\/delfinseele.de\/wp-content\/uploads\/2019\/11\/petra-topfstaedt-ornamente-400x132.png 400w, https:\/\/delfinseele.de\/wp-content\/uploads\/2019\/11\/petra-topfstaedt-ornamente-600x198.png 600w, https:\/\/delfinseele.de\/wp-content\/uploads\/2019\/11\/petra-topfstaedt-ornamente-800x264.png 800w, https:\/\/delfinseele.de\/wp-content\/uploads\/2019\/11\/petra-topfstaedt-ornamente.png 1000w\" sizes=\"(max-width: 800px) 100vw, 600px\" \/><\/span><\/div><\/div><div class=\"fusion-clearfix\"><\/div><\/div><\/div><div class=\"fusion-layout-column fusion_builder_column fusion-builder-column-2 fusion_builder_column_1_4 1_4 fusion-one-fourth fusion-column-last\" style=\"--awb-bg-size:cover;width:25%;width:calc(25% - ( ( 4% + 4% ) * 0.25 ) );\"><div class=\"fusion-column-wrapper fusion-column-has-shadow fusion-flex-column-wrapper-legacy\"><div class=\"fusion-clearfix\"><\/div><\/div><\/div><div class=\"fusion-layout-column fusion_builder_column fusion-builder-column-3 fusion_builder_column_1_1 1_1 fusion-one-full fusion-column-first fusion-column-last\" style=\"--awb-bg-size:cover;\"><div class=\"fusion-column-wrapper fusion-column-has-shadow fusion-flex-column-wrapper-legacy\"><div class=\"fusion-text fusion-text-1 kontakt\"><p>Petra Topfst\u00e4dt<br \/>\nEnergetische K\u00f6rper- und Seelenarbeit<br \/>\nGartenstra\u00dfe 35<br \/>\n85598 Baldham<br \/>\nTel. 08106 \/ 999 69 46<br \/>\nMobil: 0170 \/ 317 27 15<\/p>\n<\/div><div class=\"fusion-image-element in-legacy-container\" style=\"--awb-max-width:203px;--awb-caption-title-font-family:var(--h2_typography-font-family);--awb-caption-title-font-weight:var(--h2_typography-font-weight);--awb-caption-title-font-style:var(--h2_typography-font-style);--awb-caption-title-size:var(--h2_typography-font-size);--awb-caption-title-transform:var(--h2_typography-text-transform);--awb-caption-title-line-height:var(--h2_typography-line-height);--awb-caption-title-letter-spacing:var(--h2_typography-letter-spacing);\"><span class=\" fusion-imageframe imageframe-none imageframe-2 hover-type-none\"><img decoding=\"async\" width=\"203\" height=\"17\" title=\"kontakt-petra-topfstaedt\" src=\"https:\/\/delfinseele.de\/wp-content\/uploads\/2019\/12\/kontakt-petra-topfstaedt.png\" alt class=\"img-responsive wp-image-661\" srcset=\"https:\/\/delfinseele.de\/wp-content\/uploads\/2019\/12\/kontakt-petra-topfstaedt-200x17.png 200w, https:\/\/delfinseele.de\/wp-content\/uploads\/2019\/12\/kontakt-petra-topfstaedt.png 203w\" sizes=\"(max-width: 800px) 100vw, 203px\" \/><\/span><\/div><div class=\"fusion-sep-clear\"><\/div><div class=\"fusion-separator fusion-full-width-sep\" style=\"margin-left: auto;margin-right: auto;margin-top:10px;width:100%;\"><\/div><div class=\"fusion-sep-clear\"><\/div><div class=\"fusion-text fusion-text-2\"><p><strong>Bildnachweis:<\/strong><br \/>\nshotshop.com<br \/>\nfotolia.com<\/p>\n<p><strong>Angaben zur Berufshaftpflichtversicherung<\/strong><br \/>\nName und Sitz des Versicherers:<br \/>\nDie Continentale<br \/>\nRuhrallee 92<br \/>\n44139 Dortmund<\/p>\n<div class=\"fusion-sep-clear\"><\/div><div class=\"fusion-separator fusion-full-width-sep\" style=\"margin-left: auto;margin-right: auto;margin-top:30px;width:100%;\"><\/div><div class=\"fusion-sep-clear\"><\/div>\n<h3>Rechtliche Hinweise<\/h3>\n<h3>1. Haftungsbeschr\u00e4nkung:<\/h3>\n<p>Die Inhalte dieser Webseiten werden mit gr\u00f6\u00dftm\u00f6glicher Sorgfalt erstellt. Der Anbieter \u00fcbernimmt jedoch keine Gew\u00e4hr f\u00fcr die Richtigkeit, Vollst\u00e4ndigkeit und Aktualit\u00e4t der bereitgestellten Inhalte. Die Nutzung der Inhalte dieser Website erfolgt auf eigene Gefahr des Nutzers. Haftungsanspr\u00fcche gegen den Sitebetreiber, die sich auf Sch\u00e4den materieller oder ideeller Art beziehen, welche durch die Nutzung oder Nichtnutzung der dargebotenen Informationen bzw. durch die Nutzung fehlerhafter und unvollst\u00e4ndiger Informationen verursacht wurden, sind grunds\u00e4tzlich ausgeschlossen. Alle Angebote sind freibleibend und unverbindlich. Die Sitebetreiberin beh\u00e4lt sich ausdr\u00fccklich vor, Teile des Angebots oder das gesamte Angebot ohne gesonderte Ank\u00fcndigung zu ver\u00e4ndern, zu erg\u00e4nzen, zu l\u00f6schen oder die Ver\u00f6ffentlichung zeitweise oder endg\u00fcltig einzustellen. Mit der reinen Nutzung der Website des Anbieters kommt keinerlei Vertragsverh\u00e4ltnis zwischen dem Anbieter und dem Nutzer zustande.<br \/>\nDie Betreiberin gestattet ausschlie\u00dflich die private Nutzung der Inhalte dieser Website und der damit verbundenen Dienste. Der einem anderen Zweck, insbesondere der kommerziellen Nutzung dienende Gebrauch von Texten, Fotos und Grafiken dieser Website bedarf der ausdr\u00fccklichen schriftlichen Zustimmung der Betreiberin.<\/p>\n<h3>2. Externe Links<\/h3>\n<p>Diese Website enth\u00e4lt keine externen Links.<\/p>\n<h3>3. Medizinischer Disclaimer<\/h3>\n<p>Die Aussagen auf dieser Website stellen keine Heilungsversprechen dar. Alle auf diesen Seiten vorgestellten Methoden stellen keinen Ersatz f\u00fcr eine \u00e4rztliche Diagnose und Behandlung dar.<br \/>\nJede Anwendung der angebotenen Methoden erfolgt auf eigene Gefahr des Nutzers, die Betreiberin dieser Seiten distanziert sich ausdr\u00fccklich von jeglichem Versprechen oder Garantie auf Heilung oder Besserung von Beschwerden.<\/p>\n<h3>4. Datenschutz<\/h3>\n<p>Pers\u00f6nliche Daten von Ihnen werden auf dieser Website nicht gespeichert.<br \/>\nJede Startseite hat einen Besucherz\u00e4hler hinterlegt. Dieser speichert automatisch beim Besuch einer Website einige technische Daten (z.B. Internetbrowser, Betriebssystem oder Uhrzeit des Seitenaufrufs). Bei Betreten unserer Website z\u00e4hlt der Besucherz\u00e4hler automatisch hoch. Diese Daten werden vom Website-Provider ausschlie\u00dflich erhoben, um einen sicheren Betrieb der Plattform zu gew\u00e4hrleisten. An Hand dieser Logfiles werden z.B. Sicherheitsmechanismen gef\u00fcttert, die Attacken auf die Plattform abweisen und helfen im Fehlerfall bei der Ursachenforschung.<br \/>\nDiese Datenerhebung ist DSGVO konform, da solche Daten nicht zu statistischen Zwecken gespeichert und nach 7 Tagen wieder gel\u00f6scht werden.<br \/>\nDer Nutzung von im Rahmen der Impressumspflicht ver\u00f6ffentlichten Kontaktdaten zur \u00dcbersendung von nicht ausdr\u00fccklich angeforderter Werbung und Informationsmaterialien wird hiermit widersprochen.<br \/>\nDie Betreiber dieser Seiten behalten sich ausdr\u00fccklich rechtliche Schritte im Falle der unverlangten Zusendung von Werbeinformationen, z.B. durch Spam-E-Mails, vor.<\/p>\n<\/div><div class=\"fusion-clearfix\"><\/div><\/div><\/div><\/div><\/div>\n","protected":false},"excerpt":{"rendered":"","protected":false},"author":1,"featured_media":0,"parent":0,"menu_order":0,"comment_status":"closed","ping_status":"closed","template":"100-width.php","meta":{"footnotes":""},"class_list":["post-49","page","type-page","status-publish","hentry"],"yoast_head":"<!-- This site is optimized with the Yoast SEO plugin v27.4 - https:\/\/yoast.com\/product\/yoast-seo-wordpress\/ -->\n<title>Impressum - Delfinseele - Petra Topfst\u00e4dt<\/title>\n<meta name=\"description\" content=\"Echte Heilung beginnt in der Seele. Reiki, Innere Seelenarbeit, R.E.S.E.T. Kieferentspannung und Wirbels\u00e4ulenaufrichtung. Jetzt Termin vereinbaren.\" \/>\n<meta name=\"robots\" content=\"index, follow, max-snippet:-1, max-image-preview:large, max-video-preview:-1\" \/>\n<link rel=\"canonical\" href=\"https:\/\/delfinseele.de\/index.php\/impressum\/\" \/>\n<meta property=\"og:locale\" content=\"de_DE\" \/>\n<meta property=\"og:type\" content=\"article\" \/>\n<meta property=\"og:title\" content=\"Impressum - Delfinseele - Petra Topfst\u00e4dt\" \/>\n<meta property=\"og:description\" content=\"Echte Heilung beginnt in der Seele. Reiki, Innere Seelenarbeit, R.E.S.E.T. Kieferentspannung und Wirbels\u00e4ulenaufrichtung. Jetzt Termin vereinbaren.\" \/>\n<meta property=\"og:url\" content=\"https:\/\/delfinseele.de\/index.php\/impressum\/\" \/>\n<meta property=\"og:site_name\" content=\"Delfinseele - Petra Topfst\u00e4dt\" \/>\n<meta property=\"article:modified_time\" content=\"2019-12-10T08:12:23+00:00\" \/>\n<meta name=\"twitter:card\" content=\"summary_large_image\" \/>\n<meta name=\"twitter:label1\" content=\"Gesch\u00e4tzte Lesezeit\" \/>\n\t<meta name=\"twitter:data1\" content=\"6\u00a0Minuten\" \/>\n<script type=\"application\/ld+json\" class=\"yoast-schema-graph\">{\"@context\":\"https:\\\/\\\/schema.org\",\"@graph\":[{\"@type\":\"WebPage\",\"@id\":\"https:\\\/\\\/delfinseele.de\\\/index.php\\\/impressum\\\/\",\"url\":\"https:\\\/\\\/delfinseele.de\\\/index.php\\\/impressum\\\/\",\"name\":\"Impressum - Delfinseele - Petra Topfst\u00e4dt\",\"isPartOf\":{\"@id\":\"https:\\\/\\\/delfinseele.de\\\/#website\"},\"datePublished\":\"2019-08-09T11:48:27+00:00\",\"dateModified\":\"2019-12-10T08:12:23+00:00\",\"description\":\"Echte Heilung beginnt in der Seele. Reiki, Innere Seelenarbeit, R.E.S.E.T. Kieferentspannung und Wirbels\u00e4ulenaufrichtung. Jetzt Termin vereinbaren.\",\"breadcrumb\":{\"@id\":\"https:\\\/\\\/delfinseele.de\\\/index.php\\\/impressum\\\/#breadcrumb\"},\"inLanguage\":\"de\",\"potentialAction\":[{\"@type\":\"ReadAction\",\"target\":[\"https:\\\/\\\/delfinseele.de\\\/index.php\\\/impressum\\\/\"]}]},{\"@type\":\"BreadcrumbList\",\"@id\":\"https:\\\/\\\/delfinseele.de\\\/index.php\\\/impressum\\\/#breadcrumb\",\"itemListElement\":[{\"@type\":\"ListItem\",\"position\":1,\"name\":\"Startseite\",\"item\":\"https:\\\/\\\/delfinseele.de\\\/\"},{\"@type\":\"ListItem\",\"position\":2,\"name\":\"Impressum\"}]},{\"@type\":\"WebSite\",\"@id\":\"https:\\\/\\\/delfinseele.de\\\/#website\",\"url\":\"https:\\\/\\\/delfinseele.de\\\/\",\"name\":\"Delfinseele - Petra Topfst\u00e4dt\",\"description\":\"Energetische K\u00f6rper- und Seelenarbeit\",\"publisher\":{\"@id\":\"https:\\\/\\\/delfinseele.de\\\/#organization\"},\"potentialAction\":[{\"@type\":\"SearchAction\",\"target\":{\"@type\":\"EntryPoint\",\"urlTemplate\":\"https:\\\/\\\/delfinseele.de\\\/?s={search_term_string}\"},\"query-input\":{\"@type\":\"PropertyValueSpecification\",\"valueRequired\":true,\"valueName\":\"search_term_string\"}}],\"inLanguage\":\"de\"},{\"@type\":\"Organization\",\"@id\":\"https:\\\/\\\/delfinseele.de\\\/#organization\",\"name\":\"Delfinseele - Petra Topfst\u00e4dt\",\"url\":\"https:\\\/\\\/delfinseele.de\\\/\",\"logo\":{\"@type\":\"ImageObject\",\"inLanguage\":\"de\",\"@id\":\"https:\\\/\\\/delfinseele.de\\\/#\\\/schema\\\/logo\\\/image\\\/\",\"url\":\"https:\\\/\\\/delfinseele.de\\\/wp-content\\\/uploads\\\/2019\\\/07\\\/petra-topfstaedt-delfinseele-logo-144.png\",\"contentUrl\":\"https:\\\/\\\/delfinseele.de\\\/wp-content\\\/uploads\\\/2019\\\/07\\\/petra-topfstaedt-delfinseele-logo-144.png\",\"width\":144,\"height\":144,\"caption\":\"Delfinseele - Petra Topfst\u00e4dt\"},\"image\":{\"@id\":\"https:\\\/\\\/delfinseele.de\\\/#\\\/schema\\\/logo\\\/image\\\/\"}}]}<\/script>\n<!-- \/ Yoast SEO plugin. -->","yoast_head_json":{"title":"Impressum - Delfinseele - Petra Topfst\u00e4dt","description":"Echte Heilung beginnt in der Seele. Reiki, Innere Seelenarbeit, R.E.S.E.T. Kieferentspannung und Wirbels\u00e4ulenaufrichtung. Jetzt Termin vereinbaren.","robots":{"index":"index","follow":"follow","max-snippet":"max-snippet:-1","max-image-preview":"max-image-preview:large","max-video-preview":"max-video-preview:-1"},"canonical":"https:\/\/delfinseele.de\/index.php\/impressum\/","og_locale":"de_DE","og_type":"article","og_title":"Impressum - Delfinseele - Petra Topfst\u00e4dt","og_description":"Echte Heilung beginnt in der Seele. Reiki, Innere Seelenarbeit, R.E.S.E.T. Kieferentspannung und Wirbels\u00e4ulenaufrichtung. Jetzt Termin vereinbaren.","og_url":"https:\/\/delfinseele.de\/index.php\/impressum\/","og_site_name":"Delfinseele - Petra Topfst\u00e4dt","article_modified_time":"2019-12-10T08:12:23+00:00","twitter_card":"summary_large_image","twitter_misc":{"Gesch\u00e4tzte Lesezeit":"6\u00a0Minuten"},"schema":{"@context":"https:\/\/schema.org","@graph":[{"@type":"WebPage","@id":"https:\/\/delfinseele.de\/index.php\/impressum\/","url":"https:\/\/delfinseele.de\/index.php\/impressum\/","name":"Impressum - Delfinseele - Petra Topfst\u00e4dt","isPartOf":{"@id":"https:\/\/delfinseele.de\/#website"},"datePublished":"2019-08-09T11:48:27+00:00","dateModified":"2019-12-10T08:12:23+00:00","description":"Echte Heilung beginnt in der Seele. Reiki, Innere Seelenarbeit, R.E.S.E.T. Kieferentspannung und Wirbels\u00e4ulenaufrichtung. Jetzt Termin vereinbaren.","breadcrumb":{"@id":"https:\/\/delfinseele.de\/index.php\/impressum\/#breadcrumb"},"inLanguage":"de","potentialAction":[{"@type":"ReadAction","target":["https:\/\/delfinseele.de\/index.php\/impressum\/"]}]},{"@type":"BreadcrumbList","@id":"https:\/\/delfinseele.de\/index.php\/impressum\/#breadcrumb","itemListElement":[{"@type":"ListItem","position":1,"name":"Startseite","item":"https:\/\/delfinseele.de\/"},{"@type":"ListItem","position":2,"name":"Impressum"}]},{"@type":"WebSite","@id":"https:\/\/delfinseele.de\/#website","url":"https:\/\/delfinseele.de\/","name":"Delfinseele - Petra Topfst\u00e4dt","description":"Energetische K\u00f6rper- und Seelenarbeit","publisher":{"@id":"https:\/\/delfinseele.de\/#organization"},"potentialAction":[{"@type":"SearchAction","target":{"@type":"EntryPoint","urlTemplate":"https:\/\/delfinseele.de\/?s={search_term_string}"},"query-input":{"@type":"PropertyValueSpecification","valueRequired":true,"valueName":"search_term_string"}}],"inLanguage":"de"},{"@type":"Organization","@id":"https:\/\/delfinseele.de\/#organization","name":"Delfinseele - Petra Topfst\u00e4dt","url":"https:\/\/delfinseele.de\/","logo":{"@type":"ImageObject","inLanguage":"de","@id":"https:\/\/delfinseele.de\/#\/schema\/logo\/image\/","url":"https:\/\/delfinseele.de\/wp-content\/uploads\/2019\/07\/petra-topfstaedt-delfinseele-logo-144.png","contentUrl":"https:\/\/delfinseele.de\/wp-content\/uploads\/2019\/07\/petra-topfstaedt-delfinseele-logo-144.png","width":144,"height":144,"caption":"Delfinseele - Petra Topfst\u00e4dt"},"image":{"@id":"https:\/\/delfinseele.de\/#\/schema\/logo\/image\/"}}]}},"_links":{"self":[{"href":"https:\/\/delfinseele.de\/index.php\/wp-json\/wp\/v2\/pages\/49","targetHints":{"allow":["GET"]}}],"collection":[{"href":"https:\/\/delfinseele.de\/index.php\/wp-json\/wp\/v2\/pages"}],"about":[{"href":"https:\/\/delfinseele.de\/index.php\/wp-json\/wp\/v2\/types\/page"}],"author":[{"embeddable":true,"href":"https:\/\/delfinseele.de\/index.php\/wp-json\/wp\/v2\/users\/1"}],"replies":[{"embeddable":true,"href":"https:\/\/delfinseele.de\/index.php\/wp-json\/wp\/v2\/comments?post=49"}],"version-history":[{"count":35,"href":"https:\/\/delfinseele.de\/index.php\/wp-json\/wp\/v2\/pages\/49\/revisions"}],"predecessor-version":[{"id":676,"href":"https:\/\/delfinseele.de\/index.php\/wp-json\/wp\/v2\/pages\/49\/revisions\/676"}],"wp:attachment":[{"href":"https:\/\/delfinseele.de\/index.php\/wp-json\/wp\/v2\/media?parent=49"}],"curies":[{"name":"wp","href":"https:\/\/api.w.org\/{rel}","templated":true}]}}